{"id":1470,"date":"2017-01-16T20:35:09","date_gmt":"2017-01-16T18:35:09","guid":{"rendered":"http:\/\/www.mellin.gr\/?page_id=1470"},"modified":"2017-01-16T20:37:30","modified_gmt":"2017-01-16T18:37:30","slug":"prix","status":"publish","type":"page","link":"https:\/\/www.mellin.gr\/?page_id=1470","title":{"rendered":"PRIX"},"content":{"rendered":"<section id=\"builder-section-1484591624643\" class=\"builder-section builder-section-first builder-section-text builder-section-last builder-text-columns-1\">\n<h3 class=\"builder-text-section-title\">\n\t\tAOUT 2016\t<\/h3>\n<div class=\"builder-section-content\">\n<div class=\"builder-text-column builder-text-column-1\" id=\"builder-section-1484591624643-column-1\">\n<div class=\"builder-text-content\">\n<p style=\"text-align: left;\"><span style=\"color: #999999;\">Nous avons la fiert\u00e9 de vous annoncer, que pour deux ann\u00e9es cons\u00e9cutives, nos miels biologiques \u00ab\u039c\u0395\u039b\u039b\u0397\u039d\/MELLIN\u00bb ont re\u00e7u deux r\u00e9compenses en or au concours mondial du go\u00fbt (Great Taste Awards 2016).<\/span><\/p>\n<p><a href=\"http:\/\/www.mellin.gr\/wp-content\/uploads\/2017\/01\/award_2016-2.jpg\"><img loading=\"lazy\" decoding=\"async\" class=\"aligncenter size-medium wp-image-1471\" src=\"http:\/\/www.mellin.gr\/wp-content\/uploads\/2017\/01\/award_2016-2-300x169.jpg\" alt=\"\" width=\"300\" height=\"169\" srcset=\"https:\/\/www.mellin.gr\/wp-content\/uploads\/2017\/01\/award_2016-2-300x169.jpg 300w, https:\/\/www.mellin.gr\/wp-content\/uploads\/2017\/01\/award_2016-2-768x432.jpg 768w, https:\/\/www.mellin.gr\/wp-content\/uploads\/2017\/01\/award_2016-2-1024x576.jpg 1024w, https:\/\/www.mellin.gr\/wp-content\/uploads\/2017\/01\/award_2016-2.jpg 1920w\" sizes=\"auto, (max-width: 300px) 100vw, 300px\" \/><\/a><\/p>\n<\/p><\/div>\n<\/p><\/div>\n<\/p><\/div>\n<\/section>\n","protected":false},"excerpt":{"rendered":"<p>AOUT 2016 Nous avons la fiert\u00e9 de vous annoncer, que pour deux ann\u00e9es cons\u00e9cutives, nos miels biologiques \u00ab\u039c\u0395\u039b\u039b\u0397\u039d\/MELLIN\u00bb ont re\u00e7u deux r\u00e9compenses en or au concours mondial du go\u00fbt (Great Taste Awards 2016).<\/p>\n","protected":false},"author":1,"featured_media":0,"parent":0,"menu_order":0,"comment_status":"closed","ping_status":"closed","template":"template-builder.php","meta":{"footnotes":""},"class_list":["post-1470","page","type-page","status-publish","hentry","language-fr","has-author-avatar"],"_links":{"self":[{"href":"https:\/\/www.mellin.gr\/index.php?rest_route=\/wp\/v2\/pages\/1470","targetHints":{"allow":["GET"]}}],"collection":[{"href":"https:\/\/www.mellin.gr\/index.php?rest_route=\/wp\/v2\/pages"}],"about":[{"href":"https:\/\/www.mellin.gr\/index.php?rest_route=\/wp\/v2\/types\/page"}],"author":[{"embeddable":true,"href":"https:\/\/www.mellin.gr\/index.php?rest_route=\/wp\/v2\/users\/1"}],"replies":[{"embeddable":true,"href":"https:\/\/www.mellin.gr\/index.php?rest_route=%2Fwp%2Fv2%2Fcomments&post=1470"}],"version-history":[{"count":2,"href":"https:\/\/www.mellin.gr\/index.php?rest_route=\/wp\/v2\/pages\/1470\/revisions"}],"predecessor-version":[{"id":1475,"href":"https:\/\/www.mellin.gr\/index.php?rest_route=\/wp\/v2\/pages\/1470\/revisions\/1475"}],"wp:attachment":[{"href":"https:\/\/www.mellin.gr\/index.php?rest_route=%2Fwp%2Fv2%2Fmedia&parent=1470"}],"curies":[{"name":"wp","href":"https:\/\/api.w.org\/{rel}","templated":true}]}}